{"id":1762,"date":"2019-06-06T19:33:58","date_gmt":"2019-06-06T17:33:58","guid":{"rendered":"http:\/\/deutsch.bashariyat.org\/?page_id=1762"},"modified":"2019-07-24T12:34:29","modified_gmt":"2019-07-24T10:34:29","slug":"die-umweltrecht-konventionen","status":"publish","type":"page","link":"https:\/\/deutsch.bashariyat.org\/?page_id=1762","title":{"rendered":"Die Umweltrecht-Konventionen"},"content":{"rendered":"<p><span style=\"font-family: tahoma, arial, helvetica, sans-serif;\"><a href=\"http:\/\/deutsch.bashariyat.org\/?p=2095&amp;preview=true\">Klimarahmenkonvention der Vereinten Nationen (UNFCCC)<\/a><\/span><\/p>\n<p><span style=\"font-family: tahoma, arial, helvetica, sans-serif;\"><a href=\"http:\/\/deutsch.bashariyat.org\/?p=2100\">Internationales \u00dcbereinkommen von Nairobi von 2007<\/a><\/span><\/p>\n<p><span style=\"font-family: tahoma, arial, helvetica, sans-serif;\"><a href=\"http:\/\/deutsch.bashariyat.org\/?p=2104&amp;preview=true\">Internationales \u00dcbereinkommen von 2004 zur Kontrolle und Behandlung von Ballastwasser und Sedimenten von Schiffen<\/a><\/span><\/p>\n<p><a href=\"http:\/\/deutsch.bashariyat.org\/?p=2107&amp;preview=true\"><span style=\"font-family: tahoma, arial, helvetica, sans-serif;\">Internationales \u00dcbereinkommen \u00fcber die Hohe See<\/span><\/a><\/p>\n<p><span style=\"font-family: tahoma, arial, helvetica, sans-serif;\"><a href=\"http:\/\/deutsch.bashariyat.org\/?p=2110&amp;preview=true\">SEERECHTS\u00dcBEREINKOMMEN DER VEREINTEN NATIONEN<\/a><\/span><\/p>\n<p><span style=\"font-family: tahoma, arial, helvetica, sans-serif;\"><a href=\"http:\/\/deutsch.bashariyat.org\/?p=2113&amp;preview=true\">Europ\u00e4isches \u00dcbereinkommen zum Schutz von Tieren in landwirtschaftlichen Tierhaltungen\u00a0<\/a><\/span><\/p>\n<p><span style=\"font-family: tahoma, arial, helvetica, sans-serif;\"><a href=\"http:\/\/deutsch.bashariyat.org\/?p=2116&amp;preview=true\">Internationale \u00dcbereinkunft zum Schutze der V\u00f6gel<\/a><\/span><\/p>\n<p><span style=\"font-family: tahoma, arial, helvetica, sans-serif;\"><a href=\"http:\/\/deutsch.bashariyat.org\/?p=2118&amp;preview=true\">Meeresschutzrecht<\/a><\/span><\/p>\n<p><span style=\"font-family: tahoma, arial, helvetica, sans-serif;\"><a href=\"http:\/\/deutsch.bashariyat.org\/?p=2121&amp;preview=true\">Wiener \u00dcbereinkommen\u00a0zum Schutz der Ozonschicht<\/a><\/span><\/p>\n<p><span style=\"font-family: tahoma, arial, helvetica, sans-serif;\"><a href=\"http:\/\/deutsch.bashariyat.org\/?p=2129&amp;preview=true\">UN Weltumweltkonferenz Stockholm, 1972<\/a><\/span><\/p>\n<p><span style=\"font-family: tahoma, arial, helvetica, sans-serif;\"><a href=\"http:\/\/deutsch.bashariyat.org\/?p=2132&amp;preview=true\">UN Weltgipfel f\u00fcr soziale Entwicklung in Kopenhagen, 1995<\/a><\/span><\/p>\n<p><span style=\"font-family: tahoma, arial, helvetica, sans-serif;\"><a href=\"http:\/\/deutsch.bashariyat.org\/?p=2135&amp;preview=true\">UN Klimakonferenz Bali, 2007<\/a><\/span><\/p>\n<p>&nbsp;<\/p>\n<p>&nbsp;<\/p>\n","protected":false},"excerpt":{"rendered":"<p>Klimarahmenkonvention der Vereinten Nationen (UNFCCC) Internationales \u00dcbereinkommen von Nairobi von 2007 Internationales \u00dcbereinkommen von 2004 zur Kontrolle und Behandlung von Ballastwasser und Sedimenten von Schiffen Internationales \u00dcbereinkommen \u00fcber die Hohe See SEERECHTS\u00dcBEREINKOMMEN DER VEREINTEN NATIONEN Europ\u00e4isches \u00dcbereinkommen zum Schutz von Tieren in landwirtschaftlichen Tierhaltungen\u00a0 Internationale \u00dcbereinkunft zum Schutze der V\u00f6gel Meeresschutzrecht Wiener \u00dcbereinkommen\u00a0zum Schutz der &hellip; <\/p>\n<p><a class=\"more-link btn\" href=\"https:\/\/deutsch.bashariyat.org\/?page_id=1762\">Weiterlesen<\/a><\/p>\n","protected":false},"author":4,"featured_media":0,"parent":113,"menu_order":0,"comment_status":"closed","ping_status":"closed","template":"","meta":{"footnotes":""},"class_list":["post-1762","page","type-page","status-publish","hentry","nodate","item-wrap"],"_links":{"self":[{"href":"https:\/\/deutsch.bashariyat.org\/index.php?rest_route=\/wp\/v2\/pages\/1762","targetHints":{"allow":["GET"]}}],"collection":[{"href":"https:\/\/deutsch.bashariyat.org\/index.php?rest_route=\/wp\/v2\/pages"}],"about":[{"href":"https:\/\/deutsch.bashariyat.org\/index.php?rest_route=\/wp\/v2\/types\/page"}],"author":[{"embeddable":true,"href":"https:\/\/deutsch.bashariyat.org\/index.php?rest_route=\/wp\/v2\/users\/4"}],"replies":[{"embeddable":true,"href":"https:\/\/deutsch.bashariyat.org\/index.php?rest_route=%2Fwp%2Fv2%2Fcomments&post=1762"}],"version-history":[{"count":5,"href":"https:\/\/deutsch.bashariyat.org\/index.php?rest_route=\/wp\/v2\/pages\/1762\/revisions"}],"predecessor-version":[{"id":2136,"href":"https:\/\/deutsch.bashariyat.org\/index.php?rest_route=\/wp\/v2\/pages\/1762\/revisions\/2136"}],"up":[{"embeddable":true,"href":"https:\/\/deutsch.bashariyat.org\/index.php?rest_route=\/wp\/v2\/pages\/113"}],"wp:attachment":[{"href":"https:\/\/deutsch.bashariyat.org\/index.php?rest_route=%2Fwp%2Fv2%2Fmedia&parent=1762"}],"curies":[{"name":"wp","href":"https:\/\/api.w.org\/{rel}","templated":true}]}}