{"id":1771,"date":"2019-06-06T19:35:47","date_gmt":"2019-06-06T17:35:47","guid":{"rendered":"http:\/\/deutsch.bashariyat.org\/?page_id=1771"},"modified":"2019-08-23T11:06:29","modified_gmt":"2019-08-23T09:06:29","slug":"die-religionsrecht-konventionen","status":"publish","type":"page","link":"https:\/\/deutsch.bashariyat.org\/?page_id=1771","title":{"rendered":"Die Religionsrecht- Konventionen"},"content":{"rendered":"<p><span style=\"font-family: tahoma, arial, helvetica, sans-serif;\"><a href=\"http:\/\/deutsch.bashariyat.org\/?p=2220&amp;preview=true\">Religi\u00f6se Kindererziehung<\/a><\/span><\/p>\n<p><span style=\"font-family: tahoma, arial, helvetica, sans-serif;\"><a href=\"http:\/\/deutsch.bashariyat.org\/?p=2285&amp;preview=true\">Internationales \u00dcbereinkommen zur Beseitigung jeder Form von Rassendiskriminierung 21. Dezember 1965<\/a><\/span><\/p>\n<p><span style=\"font-family: tahoma, arial, helvetica, sans-serif;\"><a href=\"http:\/\/deutsch.bashariyat.org\/?p=2289&amp;preview=true\">\u00dcbereinkommen vom 9. Dezember 1948 \u00fcber die Verh\u00fctung und Bestrafung des V\u00f6lkermordes<\/a><\/span><\/p>\n<p>&nbsp;<\/p>\n","protected":false},"excerpt":{"rendered":"<p>Religi\u00f6se Kindererziehung Internationales \u00dcbereinkommen zur Beseitigung jeder Form von Rassendiskriminierung 21. Dezember 1965 \u00dcbereinkommen vom 9. Dezember 1948 \u00fcber die Verh\u00fctung und Bestrafung des V\u00f6lkermordes &nbsp;<\/p>\n","protected":false},"author":4,"featured_media":0,"parent":113,"menu_order":0,"comment_status":"closed","ping_status":"closed","template":"","meta":{"footnotes":""},"class_list":["post-1771","page","type-page","status-publish","hentry","nodate","item-wrap"],"_links":{"self":[{"href":"https:\/\/deutsch.bashariyat.org\/index.php?rest_route=\/wp\/v2\/pages\/1771","targetHints":{"allow":["GET"]}}],"collection":[{"href":"https:\/\/deutsch.bashariyat.org\/index.php?rest_route=\/wp\/v2\/pages"}],"about":[{"href":"https:\/\/deutsch.bashariyat.org\/index.php?rest_route=\/wp\/v2\/types\/page"}],"author":[{"embeddable":true,"href":"https:\/\/deutsch.bashariyat.org\/index.php?rest_route=\/wp\/v2\/users\/4"}],"replies":[{"embeddable":true,"href":"https:\/\/deutsch.bashariyat.org\/index.php?rest_route=%2Fwp%2Fv2%2Fcomments&post=1771"}],"version-history":[{"count":5,"href":"https:\/\/deutsch.bashariyat.org\/index.php?rest_route=\/wp\/v2\/pages\/1771\/revisions"}],"predecessor-version":[{"id":2292,"href":"https:\/\/deutsch.bashariyat.org\/index.php?rest_route=\/wp\/v2\/pages\/1771\/revisions\/2292"}],"up":[{"embeddable":true,"href":"https:\/\/deutsch.bashariyat.org\/index.php?rest_route=\/wp\/v2\/pages\/113"}],"wp:attachment":[{"href":"https:\/\/deutsch.bashariyat.org\/index.php?rest_route=%2Fwp%2Fv2%2Fmedia&parent=1771"}],"curies":[{"name":"wp","href":"https:\/\/api.w.org\/{rel}","templated":true}]}}