{"id":1779,"date":"2019-06-06T19:38:07","date_gmt":"2019-06-06T17:38:07","guid":{"rendered":"http:\/\/deutsch.bashariyat.org\/?page_id=1779"},"modified":"2019-06-07T15:02:56","modified_gmt":"2019-06-07T13:02:56","slug":"die-arbeits-und-arbeitnehmerrecht-konventionen","status":"publish","type":"page","link":"https:\/\/deutsch.bashariyat.org\/?page_id=1779","title":{"rendered":"Die Arbeits- und Arbeitnehmerrecht-Konventionen"},"content":{"rendered":"<p><strong><span style=\"font-family: tahoma, arial, helvetica, sans-serif; font-size: 10pt;\"><a href=\"http:\/\/deutsch.bashariyat.org\/?p=1796\">Konvention 29 \u00fcber Zwangs- oder Pflichtarbeit, 1930<\/a><\/span><\/strong><\/p>\n<p><strong><span style=\"font-family: tahoma, arial, helvetica, sans-serif; font-size: 10pt;\"><a href=\"http:\/\/deutsch.bashariyat.org\/?p=1800\">Konvention 100 , \u00fcber die Gleichheit des Entgelts m\u00e4nnlicher und weiblicher Arbeitskr\u00e4fte f\u00fcr gleichwertige Arbeit,<\/a><a href=\"http:\/\/deutsch.bashariyat.org\/?p=1800\"> 1951<\/a><\/span><\/strong><\/p>\n<p><strong><a href=\"http:\/\/deutsch.bashariyat.org\/?p=1810\">Konvention 105 , \u00fcber die Abschaffung der Zwangsarbeit, 1957<\/a><\/strong><\/p>\n<p><strong><a href=\"http:\/\/deutsch.bashariyat.org\/?p=1813\">Konvention 111 ,\u00fcber die Diskriminierung in Besch\u00e4ftigung und Beruf, 1958<\/a><\/strong><\/p>\n<p><strong><a href=\"http:\/\/deutsch.bashariyat.org\/?p=1816\">Konvention 182, \u00fcber das Verbot und unverz\u00fcgliche Ma\u00dfnahmen zur Beseitigung der schlimmsten Formen der Kinderarbeit, 1999<\/a><\/strong><\/p>\n<p><strong><a href=\"http:\/\/deutsch.bashariyat.org\/?p=1819\">Konvention 14, \u00fcber den w\u00f6chentlichen Ruhetag in gewerblichen Betrieben, 1921<\/a><\/strong><\/p>\n<p><strong><a href=\"http:\/\/deutsch.bashariyat.org\/?p=1824\">Konvention 19, \u00fcber die Gleichbehandlung einheimischer und ausl\u00e4ndischer Arbeitnehmer in der Entsch\u00e4digung bei Betriebsunf\u00e4llen, 1925<\/a><\/strong><\/p>\n<p><strong><a href=\"http:\/\/deutsch.bashariyat.org\/?p=1828\">Konvention 95,\u00fcber den Lohnschutz, 1949<\/a><\/strong><\/p>\n<p><strong><a href=\"http:\/\/deutsch.bashariyat.org\/?p=1831\">Konvention 106,\u00a0\u00fcber die w\u00f6chentliche Ruhezeit im Handel und in B\u00fcros, 1957<\/a><\/strong><\/p>\n<p><strong><a href=\"http:\/\/deutsch.bashariyat.org\/?p=1834\">Konvention 108,\u00a0\u00fcber staatliche Personalausweise f\u00fcr Seeleute, 1958<\/a><\/strong><\/p>\n<p><strong><a href=\"http:\/\/deutsch.bashariyat.org\/?p=1837\">Konvention 142,\u00a0\u00fcber die Berufsberatung und die Berufsbildung im Rahmen der Erschlie\u00dfung des Arbeitskr\u00e4ftepotentials, 1975<\/a><\/strong><\/p>\n<p><strong><a href=\"http:\/\/deutsch.bashariyat.org\/?p=1841\">SEEARBEITS\u00dcBEREINKOMMEN, 2006, in der ge\u00e4nderten Fassung<\/a><\/strong><\/p>\n","protected":false},"excerpt":{"rendered":"<p>Konvention 29 \u00fcber Zwangs- oder Pflichtarbeit, 1930 Konvention 100 , \u00fcber die Gleichheit des Entgelts m\u00e4nnlicher und weiblicher Arbeitskr\u00e4fte f\u00fcr gleichwertige Arbeit, 1951 Konvention 105 , \u00fcber die Abschaffung der Zwangsarbeit, 1957 Konvention 111 ,\u00fcber die Diskriminierung in Besch\u00e4ftigung und Beruf, 1958 Konvention 182, \u00fcber das Verbot und unverz\u00fcgliche Ma\u00dfnahmen zur Beseitigung der schlimmsten Formen &hellip; <\/p>\n<p><a class=\"more-link btn\" href=\"https:\/\/deutsch.bashariyat.org\/?page_id=1779\">Weiterlesen<\/a><\/p>\n","protected":false},"author":4,"featured_media":0,"parent":113,"menu_order":0,"comment_status":"closed","ping_status":"closed","template":"","meta":{"footnotes":""},"class_list":["post-1779","page","type-page","status-publish","hentry","nodate","item-wrap"],"_links":{"self":[{"href":"https:\/\/deutsch.bashariyat.org\/index.php?rest_route=\/wp\/v2\/pages\/1779","targetHints":{"allow":["GET"]}}],"collection":[{"href":"https:\/\/deutsch.bashariyat.org\/index.php?rest_route=\/wp\/v2\/pages"}],"about":[{"href":"https:\/\/deutsch.bashariyat.org\/index.php?rest_route=\/wp\/v2\/types\/page"}],"author":[{"embeddable":true,"href":"https:\/\/deutsch.bashariyat.org\/index.php?rest_route=\/wp\/v2\/users\/4"}],"replies":[{"embeddable":true,"href":"https:\/\/deutsch.bashariyat.org\/index.php?rest_route=%2Fwp%2Fv2%2Fcomments&post=1779"}],"version-history":[{"count":5,"href":"https:\/\/deutsch.bashariyat.org\/index.php?rest_route=\/wp\/v2\/pages\/1779\/revisions"}],"predecessor-version":[{"id":1843,"href":"https:\/\/deutsch.bashariyat.org\/index.php?rest_route=\/wp\/v2\/pages\/1779\/revisions\/1843"}],"up":[{"embeddable":true,"href":"https:\/\/deutsch.bashariyat.org\/index.php?rest_route=\/wp\/v2\/pages\/113"}],"wp:attachment":[{"href":"https:\/\/deutsch.bashariyat.org\/index.php?rest_route=%2Fwp%2Fv2%2Fmedia&parent=1779"}],"curies":[{"name":"wp","href":"https:\/\/api.w.org\/{rel}","templated":true}]}}