{"id":2047,"date":"2019-07-11T18:51:57","date_gmt":"2019-07-11T16:51:57","guid":{"rendered":"http:\/\/deutsch.bashariyat.org\/?page_id=2047"},"modified":"2026-01-06T07:34:19","modified_gmt":"2026-01-06T06:34:19","slug":"ausschuesse","status":"publish","type":"page","link":"https:\/\/deutsch.bashariyat.org\/?page_id=2047","title":{"rendered":"Aussch\u00fcsse"},"content":{"rendered":"<table style=\"height: 527px; width: 100%;\">\n<tbody>\n<tr style=\"height: 29px;\">\n<td style=\"width: 7.53623%; height: 29px;\">\n<h3 style=\"text-align: center;\"><span style=\"font-size: 10pt;\"><strong><span style=\"vertical-align: inherit;\"><span style=\"vertical-align: inherit;\">Row<\/span><\/span><\/strong><\/span><\/h3>\n<\/td>\n<td style=\"width: 49.855%; height: 29px;\">\n<h3 style=\"text-align: center;\"><span style=\"font-size: 10pt;\"><strong><span style=\"vertical-align: inherit;\"><span style=\"vertical-align: inherit;\">Committee<\/span><\/span><\/strong><\/span><\/h3>\n<\/td>\n<td style=\"width: 24.9565%; height: 29px;\">\n<h3 style=\"text-align: center;\"><span style=\"font-size: 10pt;\"><strong><span style=\"vertical-align: inherit;\"><span style=\"vertical-align: inherit;\">Caregiver opportunity<\/span><\/span><\/strong><\/span><\/h3>\n<\/td>\n<td style=\"width: 42.9489%; height: 29px;\">\n<h3 style=\"text-align: center;\"><span style=\"font-size: 10pt;\"><strong><span style=\"vertical-align: inherit;\"><span style=\"vertical-align: inherit;\">Email address<\/span><\/span><\/strong><\/span><\/h3>\n<\/td>\n<\/tr>\n<tr style=\"height: 64px;\">\n<td style=\"width: 7.53623%; height: 64px;\">\n<pre style=\"text-align: center;\"><span style=\"font-size: 10pt; font-family: 'times new roman', times, serif;\"><span style=\"vertical-align: inherit;\"><span style=\"vertical-align: inherit;\">1<\/span><\/span><\/span><\/pre>\n<\/td>\n<td style=\"width: 49.855%; height: 64px; text-align: left;\">\n<pre><span style=\"font-family: 'times new roman', times, serif; font-size: 10pt;\"><a href=\"http:\/\/koodak.bashariyat.org\/\"><span style=\"vertical-align: inherit;\"><span style=\"vertical-align: inherit;\"><span style=\"font-size: 12pt;\">Ausschuss f\u00fcr den Schutz der Rechte von Kindern und Jugendlichen<\/span><\/span><\/span><\/a><\/span><\/pre>\n<\/td>\n<td style=\"width: 24.9565%; height: 64px;\">\n<pre><span style=\"vertical-align: inherit; font-size: 12pt; font-family: 'times new roman', times, serif;\"><span style=\"vertical-align: inherit;\">Sonia Savarkoob<\/span><\/span><\/pre>\n<\/td>\n<td style=\"width: 42.9489%; height: 64px;\">\n<pre style=\"text-align: justify;\"><span style=\"font-size: 10pt; font-family: 'times new roman', times, serif;\"><a href=\"mailto:koodak@bashariyat.org\"><span style=\"vertical-align: inherit;\"><span style=\"vertical-align: inherit;\"><span style=\"font-size: 12pt;\">koodak@bashariyat.org<\/span><\/span><\/span><\/a><\/span><\/pre>\n<\/td>\n<\/tr>\n<tr style=\"height: 64px;\">\n<td style=\"width: 7.53623%; height: 64px;\">\n<pre style=\"text-align: center;\"><span style=\"font-size: 10pt; font-family: 'times new roman', times, serif;\"><span style=\"vertical-align: inherit;\"><span style=\"vertical-align: inherit;\">2<\/span><\/span><\/span><\/pre>\n<\/td>\n<td style=\"width: 49.855%; height: 64px; text-align: left;\">\n<pre><span style=\"font-size: 12pt; font-family: 'times new roman', times, serif;\"><a href=\"http:\/\/adian.bashariyat.org\/\"><span style=\"vertical-align: inherit;\"><span style=\"vertical-align: inherit;\">Ausschuss f\u00fcr den Schutz der Rechte der Anh\u00e4nger von Religionen<\/span><\/span><\/a><\/span><\/pre>\n<\/td>\n<td style=\"width: 24.9565%; height: 64px;\">\n<pre><span style=\"font-size: 12pt; font-family: 'times new roman', times, serif;\"><span style=\"vertical-align: inherit;\"><span style=\"vertical-align: inherit;\">Jamal Jalali<\/span><\/span><\/span><\/pre>\n<\/td>\n<td style=\"width: 42.9489%; height: 64px;\">\n<pre style=\"text-align: justify;\"><span style=\"font-size: 12pt; font-family: 'times new roman', times, serif;\"><a href=\"mailto:adian@bashariyat.org\"><span style=\"vertical-align: inherit;\"><span style=\"vertical-align: inherit;\">adian@bashariyat.org<\/span><\/span><\/a><\/span><\/pre>\n<\/td>\n<\/tr>\n<tr style=\"height: 64px;\">\n<td style=\"width: 7.53623%; height: 10px;\">\n<pre style=\"text-align: center;\"><span style=\"font-size: 10pt; font-family: 'times new roman', times, serif;\"><span style=\"vertical-align: inherit;\"><span style=\"vertical-align: inherit;\">3\r\n<\/span><\/span><\/span><\/pre>\n<\/td>\n<td style=\"width: 49.855%; height: 10px; text-align: left;\">\n<pre><a href=\"zanan@bashariyat.org\"><span style=\"font-family: 'times new roman', times, serif; font-size: 12pt;\">Ausschuss f\u00fcr den Schutz der Rechte der Frauen<\/span><\/a><\/pre>\n<\/td>\n<td style=\"width: 24.9565%; height: 10px;\">\n<pre class=\"v1MsoNormal\" dir=\"ltr\"><span style=\"font-family: 'times new roman', times, serif; font-size: 12pt;\"><span style=\"vertical-align: inherit;\"><span style=\"vertical-align: inherit;\">Zahra Rashidi<\/span><\/span><\/span><\/pre>\n<\/td>\n<td style=\"width: 42.9489%; height: 10px;\">\n<pre style=\"text-align: justify;\"><span style=\"font-size: 12pt; font-family: 'times new roman', times, serif;\"><a href=\"mailto:zanan@bashariyat.org\"><span style=\"vertical-align: inherit;\"><span style=\"vertical-align: inherit;\">zanan@bashariyat.org<\/span><\/span><\/a>\r\n<\/span><\/pre>\n<\/td>\n<\/tr>\n<tr style=\"height: 34px;\">\n<td style=\"width: 7.53623%; height: 34px;\">\n<pre style=\"text-align: center;\"><span style=\"font-size: 10pt; font-family: 'times new roman', times, serif;\"><span style=\"vertical-align: inherit;\"><span style=\"vertical-align: inherit;\">4<\/span><\/span><\/span><\/pre>\n<\/td>\n<td style=\"width: 49.855%; height: 34px; text-align: left;\">\n<pre><span style=\"font-family: 'times new roman', times, serif; font-size: 12pt;\"><a href=\"http:\/\/aghvam.bashariyat.org\/\"><span style=\"vertical-align: inherit;\"><span style=\"vertical-align: inherit;\">Ausschuss f\u00fcr den Schutz der Rechte der etnischen Gruppen und V\u00f6lker Irans<\/span><\/span><\/a><\/span><\/pre>\n<\/td>\n<td style=\"width: 24.9565%; height: 34px;\">\n<pre><span style=\"vertical-align: inherit; font-size: 12pt; font-family: 'times new roman', times, serif;\"><span style=\"vertical-align: inherit;\">Marzieh Alikarami<\/span><\/span><\/pre>\n<\/td>\n<td style=\"width: 42.9489%; height: 34px;\">\n<pre style=\"text-align: justify;\"><span style=\"font-size: 12pt; font-family: 'times new roman', times, serif;\"><a href=\"mailto:aghvam@bashariyat.org\"><span style=\"vertical-align: inherit;\"><span style=\"vertical-align: inherit;\">aghvam@bashariyat.org<\/span><\/span><\/a><\/span><\/pre>\n<\/td>\n<\/tr>\n<tr style=\"height: 63px;\">\n<td style=\"width: 7.53623%; text-align: center; height: 63px;\">\n<pre><span style=\"font-size: 10pt; font-family: 'times new roman', times, serif;\"><span style=\"vertical-align: inherit;\"><span style=\"vertical-align: inherit;\"><span style=\"vertical-align: inherit;\"><span style=\"vertical-align: inherit;\">5<\/span><\/span><\/span><\/span><\/span><\/pre>\n<\/td>\n<td style=\"width: 49.855%; text-align: left; height: 63px;\">\n<pre><span style=\"font-family: 'times new roman', times, serif; font-size: 12pt;\"><span style=\"vertical-align: inherit;\"><span style=\"vertical-align: inherit;\"><a href=\"http:\/\/pajohesh.bashariyat.org\/\"><span style=\"vertical-align: inherit;\"><span style=\"vertical-align: inherit;\">Ausschuss f\u00fcr den Forschung <\/span><\/span><\/a><\/span><\/span><\/span><\/pre>\n<\/td>\n<td style=\"width: 24.9565%; height: 63px;\">\n<pre><span style=\"vertical-align: inherit; font-size: 12pt; font-family: 'times new roman', times, serif;\"><span style=\"vertical-align: inherit;\">Soror Gholipoor Samani<\/span><\/span><\/pre>\n<\/td>\n<td style=\"width: 42.9489%; height: 63px;\">\n<pre><span style=\"font-size: 12pt; font-family: 'times new roman', times, serif;\"><span style=\"vertical-align: inherit;\"><span style=\"vertical-align: inherit;\"><a href=\"mailto:pajohesh@bashariyat.org\"><span style=\"vertical-align: inherit;\"><span style=\"vertical-align: inherit;\"><span style=\"vertical-align: inherit;\">pajohesh@bashariyat.org<\/span><\/span><\/span><\/a><\/span><\/span><\/span><\/pre>\n<\/td>\n<\/tr>\n<tr style=\"height: 64px;\">\n<td style=\"width: 7.53623%; text-align: center; height: 10px;\">\n<pre><span style=\"font-size: 10pt; font-family: 'times new roman', times, serif;\"><span style=\"vertical-align: inherit;\"><span style=\"vertical-align: inherit;\">6<\/span><\/span><\/span><\/pre>\n<\/td>\n<td style=\"width: 49.855%; height: 10px; text-align: left;\">\n<pre><span style=\"font-size: 12pt;\"><a href=\"https:\/\/amoozesh.bashariyat.org\/\"><span style=\"font-family: times new roman, times, serif;\">Bildungsausschus<\/span><\/a><\/span><\/pre>\n<\/td>\n<td style=\"width: 24.9565%; height: 10px;\">\n<pre><span style=\"font-size: 12pt; font-family: 'times new roman', times, serif;\"><span style=\"vertical-align: inherit;\"><span style=\"vertical-align: inherit;\">Lida Ashjaee Asalem<\/span><\/span><\/span><\/pre>\n<\/td>\n<td style=\"width: 42.9489%; height: 10px;\">\n<pre><span style=\"font-size: 12pt; font-family: 'times new roman', times, serif;\"><a href=\"mailto:amoozesh@bashariyat.org\"><span style=\"vertical-align: inherit;\"><span style=\"vertical-align: inherit;\">amoozesh@bashariyat.org<\/span><\/span><\/a><\/span><\/pre>\n<\/td>\n<\/tr>\n<tr style=\"height: 64px;\">\n<td style=\"width: 7.53623%; height: 34px;\">\n<pre style=\"text-align: center;\"><span style=\"font-size: 10pt; font-family: 'times new roman', times, serif;\"><span style=\"vertical-align: inherit;\"><span style=\"vertical-align: inherit;\">7<\/span><\/span><\/span><\/pre>\n<\/td>\n<td style=\"width: 49.855%; height: 34px; text-align: left;\">\n<pre><span style=\"font-family: 'times new roman', times, serif; font-size: 12pt;\"><a href=\"http:\/\/mohitzist.bashariyat.org\/\"><span style=\"vertical-align: inherit;\"><span style=\"vertical-align: inherit;\">Ausschuss f\u00fcr den Schutz der Umwelt<\/span><\/span><\/a><\/span><\/pre>\n<\/td>\n<td style=\"width: 24.9565%; height: 34px;\">\n<pre id=\"yui_3_16_0_1_1421489043489_19521\" style=\"text-align: left;\"><span style=\"font-size: 12pt; font-family: 'times new roman', times, serif;\"><span style=\"vertical-align: inherit;\"><span style=\"vertical-align: inherit;\">Samira Ranjorian<\/span><\/span><\/span><\/pre>\n<\/td>\n<td style=\"width: 42.9489%; height: 34px;\">\n<pre style=\"text-align: justify;\"><span style=\"font-size: 12pt; font-family: 'times new roman', times, serif;\"><a href=\"mailto:mohitzist@bashariyat.org\"><span style=\"vertical-align: inherit;\"><span style=\"vertical-align: inherit;\">mohitzist@bashariyat.org<\/span><\/span><\/a><\/span><\/pre>\n<\/td>\n<\/tr>\n<tr style=\"height: 64px;\">\n<td style=\"width: 7.53623%; height: 68px;\">\n<pre style=\"text-align: center;\"><span style=\"font-size: 10pt; font-family: 'times new roman', times, serif;\"><span style=\"vertical-align: inherit;\"><span style=\"vertical-align: inherit;\">8<\/span><\/span><\/span><\/pre>\n<\/td>\n<td style=\"width: 49.855%; height: 68px; text-align: left;\">\n<pre><a href=\"honar@bashariyat.org\"><span style=\"font-family: times new roman, times, serif;\"><span style=\"font-size: 16px;\">Ausschuss f\u00fcr den Schutz der Kunst und der K\u00fcnstler<\/span><\/span><\/a><\/pre>\n<\/td>\n<td style=\"width: 24.9565%; height: 68px;\">\n<pre><span style=\"font-size: 12pt; font-family: 'times new roman', times, serif;\"><span style=\"vertical-align: inherit;\"><span style=\"vertical-align: inherit;\">Marjan Shaban Nezhad<\/span><\/span><\/span><\/pre>\n<\/td>\n<td style=\"width: 42.9489%; height: 68px;\">\n<pre style=\"text-align: justify;\"><span style=\"font-size: 12pt; font-family: 'times new roman', times, serif;\"><a href=\"mailto:honar@bashariyat.org\"><span style=\"vertical-align: inherit;\"><span style=\"vertical-align: inherit;\">honar@bashariyat.org<\/span><\/span><\/a><\/span><\/pre>\n<\/td>\n<\/tr>\n<tr style=\"height: 64px;\">\n<td style=\"width: 7.53623%; height: 64px;\">\n<pre style=\"text-align: center;\"><span style=\"font-size: 10pt; font-family: 'times new roman', times, serif;\"><span style=\"vertical-align: inherit;\"><span style=\"vertical-align: inherit;\">9<\/span><\/span><\/span><\/pre>\n<\/td>\n<td style=\"width: 49.855%; height: 64px; text-align: left;\">\n<pre><a href=\"ravabet@bashariyat.org\"><span style=\"font-family: times new roman, times, serif;\"><span style=\"font-size: 16px;\">Ausschuss f\u00fcr \u00d6ffentlichkeitsarbeit<\/span><\/span><\/a><\/pre>\n<\/td>\n<td style=\"width: 24.9565%; height: 64px;\">\n<pre><span style=\"font-family: 'times new roman', times, serif; font-size: 12pt;\"><span style=\"vertical-align: inherit;\"><span style=\"vertical-align: inherit;\">Irandokht Kia<\/span><\/span><\/span><\/pre>\n<\/td>\n<td style=\"width: 42.9489%; height: 64px;\">\n<pre style=\"text-align: justify;\"><span style=\"font-size: 12pt; font-family: 'times new roman', times, serif;\"><a href=\"mailto:ravabet@bashariyat.org\"><span style=\"vertical-align: inherit;\"><span style=\"vertical-align: inherit;\">ravabet@bashariyat.org<\/span><\/span><\/a><\/span><\/pre>\n<\/td>\n<\/tr>\n<tr style=\"height: 87px;\">\n<td style=\"width: 7.53623%; text-align: center; height: 87px;\">\n<pre><span style=\"font-size: 10pt; font-family: 'times new roman', times, serif;\"><span style=\"vertical-align: inherit;\"><span style=\"vertical-align: inherit;\">10<\/span><\/span><\/span><\/pre>\n<\/td>\n<td style=\"width: 49.855%; text-align: left; height: 87px;\">\n<pre id=\"tw-target-text\" class=\"tw-data-text tw-ta tw-text-medium\" dir=\"ltr\" data-placeholder=\"Translation\"><a href=\"kar-kargar@bashariyat.org\"><span style=\"font-family: times new roman, times, serif;\"><span style=\"font-size: 16px;\">Ausschuss f\u00fcr den Schutz der Rechte von Arbeit und Arbeitnehmern<\/span><\/span><\/a><\/pre>\n<\/td>\n<td style=\"width: 24.9565%; height: 87px;\">\n<pre><span style=\"font-size: 12pt; font-family: 'times new roman', times, serif;\">Pegah Jafari Ghoushchi<\/span><\/pre>\n<\/td>\n<td style=\"width: 42.9489%; height: 87px;\">\n<pre><span style=\"font-size: 12pt; font-family: 'times new roman', times, serif;\"><a href=\"mailto:kar-kargar@bashariyat.org\"><span style=\"vertical-align: inherit;\"><span style=\"vertical-align: inherit;\">kar-kargar@bashariyat.org<\/span><\/span><\/a><\/span><\/pre>\n<\/td>\n<\/tr>\n<\/tbody>\n<\/table>\n","protected":false},"excerpt":{"rendered":"<p>Row Committee Caregiver opportunity Email address 1 Ausschuss f\u00fcr den Schutz der Rechte von Kindern und Jugendlichen Sonia Savarkoob koodak@bashariyat.org 2 Ausschuss f\u00fcr den Schutz der Rechte der Anh\u00e4nger von Religionen Jamal Jalali adian@bashariyat.org 3 Ausschuss f\u00fcr den Schutz der Rechte der Frauen Zahra Rashidi zanan@bashariyat.org 4 Ausschuss f\u00fcr den Schutz der Rechte der etnischen &hellip; <\/p>\n<p><a class=\"more-link btn\" href=\"https:\/\/deutsch.bashariyat.org\/?page_id=2047\">Weiterlesen<\/a><\/p>\n","protected":false},"author":4,"featured_media":0,"parent":0,"menu_order":0,"comment_status":"closed","ping_status":"closed","template":"","meta":{"footnotes":""},"class_list":["post-2047","page","type-page","status-publish","hentry","nodate","item-wrap"],"_links":{"self":[{"href":"https:\/\/deutsch.bashariyat.org\/index.php?rest_route=\/wp\/v2\/pages\/2047","targetHints":{"allow":["GET"]}}],"collection":[{"href":"https:\/\/deutsch.bashariyat.org\/index.php?rest_route=\/wp\/v2\/pages"}],"about":[{"href":"https:\/\/deutsch.bashariyat.org\/index.php?rest_route=\/wp\/v2\/types\/page"}],"author":[{"embeddable":true,"href":"https:\/\/deutsch.bashariyat.org\/index.php?rest_route=\/wp\/v2\/users\/4"}],"replies":[{"embeddable":true,"href":"https:\/\/deutsch.bashariyat.org\/index.php?rest_route=%2Fwp%2Fv2%2Fcomments&post=2047"}],"version-history":[{"count":7,"href":"https:\/\/deutsch.bashariyat.org\/index.php?rest_route=\/wp\/v2\/pages\/2047\/revisions"}],"predecessor-version":[{"id":10875,"href":"https:\/\/deutsch.bashariyat.org\/index.php?rest_route=\/wp\/v2\/pages\/2047\/revisions\/10875"}],"wp:attachment":[{"href":"https:\/\/deutsch.bashariyat.org\/index.php?rest_route=%2Fwp%2Fv2%2Fmedia&parent=2047"}],"curies":[{"name":"wp","href":"https:\/\/api.w.org\/{rel}","templated":true}]}}